{"id":7032,"date":"2024-11-25T17:50:12","date_gmt":"2024-11-25T16:50:12","guid":{"rendered":"https:\/\/vs-wilhelmsburg-nord.ac.at\/wp\/?page_id=7032"},"modified":"2025-03-05T10:18:41","modified_gmt":"2025-03-05T09:18:41","slug":"deutschfoerderkurs","status":"publish","type":"page","link":"https:\/\/vs-wilhelmsburg-nord.ac.at\/wp\/deutschfoerderkurs\/","title":{"rendered":"Deutschf\u00f6rderkurs"},"content":{"rendered":"\n<p>Der Deutschf\u00f6rderkurs unterst\u00fctzt Kinder, um ihre Deutschkenntnisse gezielt zu verbessern. In kleinen Gruppen \u00fcben die Sch\u00fclerinnen und Sch\u00fcler das Sprechen, insbesondere die Verwendung des (un)bestimmten Artikels und die Bildung von S\u00e4tzen, um sicherer im Umgang mit der Sprache zu werden. Mit abwechslungsreichen Methoden und individueller F\u00f6rderung sollen ihre F\u00e4higkeiten gest\u00e4rkt werden, um im Schulalltag erfolgreich zu sein.<\/p>\n\n\n\n<p>Der Kurs findet mehrmals w\u00f6chentlich w\u00e4hrend und au\u00dferhalb des regul\u00e4ren Unterrichts statt. So schaffen wir die besten Voraussetzungen f\u00fcr eine erfolgreiche Sprachentwicklung!<\/p>\n\n\n\n<figure class=\"wp-block-image size-full\"><img loading=\"lazy\" decoding=\"async\" width=\"1024\" height=\"768\" src=\"http:\/\/vs-wilhelmsburg-nord.ac.at\/wp\/wp-content\/uploads\/2025\/03\/IMG_3280-Mittel.jpg\" alt=\"\" class=\"wp-image-7847\" srcset=\"https:\/\/vs-wilhelmsburg-nord.ac.at\/wp\/wp-content\/uploads\/2025\/03\/IMG_3280-Mittel.jpg 1024w, https:\/\/vs-wilhelmsburg-nord.ac.at\/wp\/wp-content\/uploads\/2025\/03\/IMG_3280-Mittel-300x225.jpg 300w, https:\/\/vs-wilhelmsburg-nord.ac.at\/wp\/wp-content\/uploads\/2025\/03\/IMG_3280-Mittel-768x576.jpg 768w\" sizes=\"auto, (max-width: 1024px) 100vw, 1024px\" \/><\/figure>\n\n\n\n<figure class=\"wp-block-image size-full\"><img loading=\"lazy\" decoding=\"async\" width=\"1024\" height=\"768\" src=\"http:\/\/vs-wilhelmsburg-nord.ac.at\/wp\/wp-content\/uploads\/2025\/03\/IMG_3435-Mittel.jpg\" alt=\"\" class=\"wp-image-7848\" srcset=\"https:\/\/vs-wilhelmsburg-nord.ac.at\/wp\/wp-content\/uploads\/2025\/03\/IMG_3435-Mittel.jpg 1024w, https:\/\/vs-wilhelmsburg-nord.ac.at\/wp\/wp-content\/uploads\/2025\/03\/IMG_3435-Mittel-300x225.jpg 300w, https:\/\/vs-wilhelmsburg-nord.ac.at\/wp\/wp-content\/uploads\/2025\/03\/IMG_3435-Mittel-768x576.jpg 768w\" sizes=\"auto, (max-width: 1024px) 100vw, 1024px\" \/><\/figure>\n","protected":false},"excerpt":{"rendered":"<p>Der Deutschf\u00f6rderkurs unterst\u00fctzt Kinder, um ihre Deutschkenntnisse gezielt zu verbessern. In kleinen Gruppen \u00fcben die Sch\u00fclerinnen und Sch\u00fcler das Sprechen, insbesondere die Verwendung des (un)bestimmten Artikels und die Bildung von S\u00e4tzen, um sicherer im Umgang mit der Sprache zu werden. &hellip; <\/p>\n","protected":false},"author":4,"featured_media":0,"parent":0,"menu_order":0,"comment_status":"closed","ping_status":"closed","template":"","meta":{"ngg_post_thumbnail":0,"footnotes":""},"class_list":["post-7032","page","type-page","status-publish","hentry"],"_links":{"self":[{"href":"https:\/\/vs-wilhelmsburg-nord.ac.at\/wp\/wp-json\/wp\/v2\/pages\/7032","targetHints":{"allow":["GET"]}}],"collection":[{"href":"https:\/\/vs-wilhelmsburg-nord.ac.at\/wp\/wp-json\/wp\/v2\/pages"}],"about":[{"href":"https:\/\/vs-wilhelmsburg-nord.ac.at\/wp\/wp-json\/wp\/v2\/types\/page"}],"author":[{"embeddable":true,"href":"https:\/\/vs-wilhelmsburg-nord.ac.at\/wp\/wp-json\/wp\/v2\/users\/4"}],"replies":[{"embeddable":true,"href":"https:\/\/vs-wilhelmsburg-nord.ac.at\/wp\/wp-json\/wp\/v2\/comments?post=7032"}],"version-history":[{"count":2,"href":"https:\/\/vs-wilhelmsburg-nord.ac.at\/wp\/wp-json\/wp\/v2\/pages\/7032\/revisions"}],"predecessor-version":[{"id":7849,"href":"https:\/\/vs-wilhelmsburg-nord.ac.at\/wp\/wp-json\/wp\/v2\/pages\/7032\/revisions\/7849"}],"wp:attachment":[{"href":"https:\/\/vs-wilhelmsburg-nord.ac.at\/wp\/wp-json\/wp\/v2\/media?parent=7032"}],"curies":[{"name":"wp","href":"https:\/\/api.w.org\/{rel}","templated":true}]}}